{"id":6396,"date":"2020-10-14T15:45:05","date_gmt":"2020-10-14T15:45:05","guid":{"rendered":"http:\/\/fitmdusa.com\/?page_id=6396"},"modified":"2022-07-01T14:48:31","modified_gmt":"2022-07-01T14:48:31","slug":"evaluacion-mensual","status":"publish","type":"page","link":"https:\/\/fitmdusa.com\/es\/monthly-assessment\/","title":{"rendered":"Evaluaci\u00f3n mensual"},"content":{"rendered":"<div id=\"fws_69df0247a9f10\" data-column-margin=\"default\" data-midnight=\"dark\" class=\"wpb_row vc_row-fluid vc_row full-width-section  vc_row-o-equal-height vc_row-flex  vc_row-o-content-middle parallax_section  left_padding_5pct bottom_padding_tablet_140px bottom_padding_phone_0px  mpc-row\" style=\"padding-top: 60px; padding-bottom: 240px; \"><div class=\"row-bg-wrap\" data-bg-animation=\"fade-in\" data-bg-overlay=\"true\"><div class=\"inner-wrap using-image\"><div class=\"row-bg using-image using-bg-color\" data-parallax-speed=\"fast\" style=\"background-image: url(https:\/\/fitmdusa.com\/wp-content\/uploads\/2020\/12\/Quality-of-Life-Assessment.jpg); background-position: center bottom; background-repeat: no-repeat; background-color: #d1d1ca; \"><\/div><\/div><div class=\"row-bg-overlay\" style=\"background: #ffffff; background: linear-gradient(90deg,#ffffff 25%,rgba(255,255,255,0.001) 100%);  opacity: 1; background: #ffffff; background: linear-gradient(90deg,#ffffff 0%,rgba(255,255,255,0.001) 100%);  opacity: 1; \"><\/div><\/div><div class=\"nectar-shape-divider-wrap no-color\" style=\" height:350px;\" data-front=\"\" data-style=\"curve\" data-position=\"bottom\"><svg class=\"nectar-shape-divider\" fill=\"\" xmlns=\"http:\/\/www.w3.org\/2000\/svg\" viewbox=\"0 0 1000 100\" preserveaspectratio=\"none\"> <path d=\"M 0 0 c 0 0 200 50 500 50 s 500 -50 500 -50 v 101 h -1000 v -100 z\"><\/path> <\/svg><\/div><div class=\"row_col_wrap_12 col span_12 dark left\"><div class=\"vc_col-sm-6 wpb_column column_container vc_column_container col no-extra-padding  inherit_tablet inherit_phone mpc-column\" data-t-w-inherits=\"default\" data-bg-cover=\"\" data-padding-pos=\"left\" data-has-bg-color=\"false\" data-bg-color=\"\" data-bg-opacity=\"1\" data-hover-bg=\"\" data-hover-bg-opacity=\"1\" data-animation=\"\" data-delay=\"0\" data-column-id=\"mpc_column-8469df0247aa9ae\">\n\t\t<div class=\"vc_column-inner\"><div class=\"column-bg-overlay-wrap\" data-bg-animation=\"none\"><div class=\"column-bg-overlay\"><\/div><\/div>\n\t\t\t<div class=\"wpb_wrapper\">\n\t\t\t\t<div id=\"fws_69df0247aa254\" data-midnight=\"\" data-column-margin=\"default\" class=\"wpb_row vc_row-fluid vc_row inner_row standard_section mpc-row\" style=\"padding-top: 0px; padding-bottom: 0px; \"><div class=\"row-bg-wrap\"> <div class=\"row-bg\"><\/div> <\/div><div class=\"row_col_wrap_12_inner col span_12  left\"><div class=\"vc_col-sm-12 wpb_column column_container vc_column_container col child_column no-extra-padding  inherit_tablet inherit_phone mpc-column\" data-t-w-inherits=\"default\" data-bg-cover=\"\" data-padding-pos=\"all\" data-has-bg-color=\"false\" data-bg-color=\"\" data-bg-opacity=\"1\" data-hover-bg=\"\" data-hover-bg-opacity=\"1\" data-animation=\"\" data-delay=\"0\" data-column-id=\"mpc_column-5569df0247aa63b\">\n\t\t<div class=\"vc_column-inner\"><div class=\"column-bg-overlay-wrap\" data-bg-animation=\"none\"><div class=\"column-bg-overlay\"><\/div><\/div>\n\t\t<div class=\"wpb_wrapper\">\n\t\t\t\r\n<div class=\"wpb_text_column wpb_content_element\" style=\" max-width: 500px; display: inline-block;\">\r\n\t<div class=\"wpb_wrapper\">\r\n\t\t<h1><span class=\"green-h1\">Calidad de vida mensual<\/span><br>\nEvaluaci\u00f3n<\/h1>\n\t<\/div>\r\n<\/div>\r\n\r\n\r\n\r\n\n\t\t<\/div> \n\t<\/div>\n\t<\/div> \n<\/div><\/div><a class=\"nectar-button large regular m-extra-color-gradient-2\" style=\"margin-right: 20px; background-color: #00009b;\" href=\"https:\/\/forms.myupdox.com\/form\/58031\" data-color-override=\"#00009b\" data-hover-color-override=\"false\" data-hover-text-color-override=\"#fff\" target=\"_blank\" rel=\"noopener\"><span>REALIZAR LA EVALUACI\u00d3N<\/span><\/a><div class=\"divider-wrap\" data-alignment=\"default\"><div style=\"height: 100px;\" class=\"divider\"><\/div><\/div>\n\t\t\t<\/div> \n\t\t<\/div>\n\t<\/div> \n<div class=\"vc_col-sm-6 wpb_column column_container vc_column_container col no-extra-padding  inherit_tablet inherit_phone mpc-column\" data-t-w-inherits=\"default\" data-bg-cover=\"\" data-padding-pos=\"all\" data-has-bg-color=\"false\" data-bg-color=\"\" data-bg-opacity=\"1\" data-hover-bg=\"\" data-hover-bg-opacity=\"1\" data-animation=\"\" data-delay=\"0\" data-column-id=\"mpc_column-7269df0247aab0f\">\n\t\t<div class=\"vc_column-inner\"><div class=\"column-bg-overlay-wrap\" data-bg-animation=\"none\"><div class=\"column-bg-overlay\"><\/div><\/div>\n\t\t\t<div class=\"wpb_wrapper\">\n\t\t\t\t\n\t\t\t<\/div> \n\t\t<\/div>\n\t<\/div> \n<\/div><\/div>\n\t\t<div id=\"fws_69df0247aae02\" data-column-margin=\"default\" data-midnight=\"dark\" class=\"wpb_row vc_row-fluid vc_row standard_section  mpc-row\" style=\"padding-top: 0px; padding-bottom: 0px; \"><div class=\"row-bg-wrap\" data-bg-animation=\"none\" data-bg-overlay=\"false\"><div class=\"inner-wrap\"><div class=\"row-bg\" style=\"\"><\/div><\/div><div class=\"row-bg-overlay\"><\/div><\/div><div class=\"row_col_wrap_12 col span_12 dark center\"><div style=\"margin-top: -100px; \" class=\"vc_col-sm-12 wpb_column column_container vc_column_container col neg-marg no-extra-padding  top_margin_tablet_-50px top_margin_phone_0px inherit_tablet inherit_phone mpc-column\" data-t-w-inherits=\"default\" data-bg-cover=\"\" data-padding-pos=\"all\" data-has-bg-color=\"false\" data-bg-color=\"\" data-bg-opacity=\"1\" data-hover-bg=\"\" data-hover-bg-opacity=\"1\" data-animation=\"\" data-delay=\"0\" data-column-id=\"mpc_column-2169df0247ab8b0\">\n\t\t<div class=\"vc_column-inner\"><div class=\"column-bg-overlay-wrap\" data-bg-animation=\"none\"><div class=\"column-bg-overlay\"><\/div><\/div>\n\t\t\t<div class=\"wpb_wrapper\">\n\t\t\t\t\r\n<div class=\"wpb_text_column wpb_content_element\">\r\n\t<div class=\"wpb_wrapper\">\r\n\t\t<p style=\"text-align: center;\"><span class=\"green-h1\">C\u00d3MO<\/span><\/p>\n\t<\/div>\r\n<\/div>\r\n\r\n\r\n\r\n\r\n<div class=\"wpb_text_column wpb_content_element\">\r\n\t<div class=\"wpb_wrapper\">\r\n\t\t<h3>\u00bfSE SIENTE?<\/h3>\n\t<\/div>\r\n<\/div>\r\n\r\n\r\n\r\n<div id=\"assessment\" data-midnight=\"\" data-column-margin=\"default\" class=\"wpb_row vc_row-fluid vc_row inner_row standard_section mpc-row\" style=\"padding-top: 0px; padding-bottom: 0px; \"><div class=\"row-bg-wrap\"> <div class=\"row-bg\"><\/div> <\/div><div class=\"row_col_wrap_12_inner col span_12  center\"><div class=\"vc_col-sm-2 wpb_column column_container vc_column_container col child_column no-extra-padding  inherit_tablet inherit_phone mpc-column\" data-t-w-inherits=\"default\" data-bg-cover=\"\" data-padding-pos=\"all\" data-has-bg-color=\"false\" data-bg-color=\"\" data-bg-opacity=\"1\" data-hover-bg=\"\" data-hover-bg-opacity=\"1\" data-animation=\"\" data-delay=\"0\" data-column-id=\"mpc_column-6569df0247ab13b\">\n\t\t<div class=\"vc_column-inner\"><div class=\"column-bg-overlay-wrap\" data-bg-animation=\"none\"><div class=\"column-bg-overlay\"><\/div><\/div>\n\t\t<div class=\"wpb_wrapper\">\n\t\t\t\n\t\t<\/div> \n\t<\/div>\n\t<\/div> \n<div class=\"vc_col-sm-8 wpb_column column_container vc_column_container col child_column no-extra-padding  inherit_tablet inherit_phone mpc-column\" data-t-w-inherits=\"default\" data-bg-cover=\"\" data-padding-pos=\"all\" data-has-bg-color=\"false\" data-bg-color=\"\" data-bg-opacity=\"1\" data-hover-bg=\"\" data-hover-bg-opacity=\"1\" data-animation=\"\" data-delay=\"0\" data-column-id=\"mpc_column-5169df0247ab2a2\">\n\t\t<div class=\"vc_column-inner\"><div class=\"column-bg-overlay-wrap\" data-bg-animation=\"none\"><div class=\"column-bg-overlay\"><\/div><\/div>\n\t\t<div class=\"wpb_wrapper\">\n\t\t\t\r\n<div class=\"wpb_text_column wpb_content_element\">\r\n\t<div class=\"wpb_wrapper\">\r\n\t\t<p>Rellenar mensualmente el siguiente formulario nos ayudar\u00e1 a ayudarle a USTED a alcanzar sus objetivos.<\/p>\n<p>En su pr\u00f3xima visita, su especialista m\u00e9dico Fit MD revisar\u00e1 su evaluaci\u00f3n con usted para determinar si es necesario realizar alg\u00fan ajuste en su tratamiento.<\/p>\n\t<\/div>\r\n<\/div>\r\n\r\n\r\n\r\n\n\t\t<\/div> \n\t<\/div>\n\t<\/div> \n<div class=\"vc_col-sm-2 wpb_column column_container vc_column_container col child_column no-extra-padding  inherit_tablet inherit_phone mpc-column\" data-t-w-inherits=\"default\" data-bg-cover=\"\" data-padding-pos=\"all\" data-has-bg-color=\"false\" data-bg-color=\"\" data-bg-opacity=\"1\" data-hover-bg=\"\" data-hover-bg-opacity=\"1\" data-animation=\"\" data-delay=\"0\" data-column-id=\"mpc_column-7069df0247ab346\">\n\t\t<div class=\"vc_column-inner\"><div class=\"column-bg-overlay-wrap\" data-bg-animation=\"none\"><div class=\"column-bg-overlay\"><\/div><\/div>\n\t\t<div class=\"wpb_wrapper\">\n\t\t\t\n\t\t<\/div> \n\t<\/div>\n\t<\/div> \n<\/div><\/div><div id=\"assessment\" data-midnight=\"\" data-column-margin=\"default\" class=\"wpb_row vc_row-fluid vc_row inner_row standard_section mpc-row\" style=\"padding-top: 0px; padding-bottom: 0px; \"><div class=\"row-bg-wrap\"> <div class=\"row-bg\"><\/div> <\/div><div class=\"row_col_wrap_12_inner col span_12  center\"><div style=\"margin-top: 5%; margin-bottom: 5%; \" class=\"vc_col-sm-12 wpb_column column_container vc_column_container col child_column no-extra-padding  inherit_tablet inherit_phone mpc-column\" data-using-bg=\"true\" data-t-w-inherits=\"default\" data-bg-cover=\"\" data-padding-pos=\"all\" data-has-bg-color=\"true\" data-bg-color=\"#f5f5f5\" data-bg-opacity=\"1\" data-hover-bg=\"\" data-hover-bg-opacity=\"1\" data-animation=\"\" data-delay=\"0\" data-column-id=\"mpc_column-4969df0247ab694\">\n\t\t<div class=\"vc_column-inner\"><div class=\"column-bg-overlay-wrap\" data-bg-animation=\"none\"><div class=\"column-bg-overlay\" style=\"opacity: 1; background-color: #f5f5f5;\"><\/div><\/div>\n\t\t<div class=\"wpb_wrapper\">\n\t\t\t\n\t<div class=\"wpb_raw_code wpb_content_element wpb_raw_html\">\n\t\t<div class=\"wpb_wrapper\">\n\t\t\t<div class=\"cognito\"><script src=\"https:\/\/services.cognitoforms.com\/s\/tXrhOVtuOk2634UHY270Dw\"><\/script> <script>Cognito.load(\"forms\", { id: \"11\" });<\/script><\/div>\n\t\t<\/div>\n\t<\/div>\n\n\t\t<\/div> \n\t<\/div>\n\t<\/div> \n<\/div><\/div>\n\t\t\t<\/div> \n\t\t<\/div>\n\t<\/div> \n<\/div><\/div>\n\t\t<div id=\"fws_69df0247abbf2\" data-column-margin=\"default\" data-midnight=\"light\" class=\"wpb_row vc_row-fluid vc_row full-width-section  vc_row-o-equal-height vc_row-flex  vc_row-o-content-middle standard_section  mpc-row\" style=\"padding-top: 70px; padding-bottom: 70px; \"><div class=\"row-bg-wrap\" data-bg-animation=\"none\" data-bg-overlay=\"false\"><div class=\"inner-wrap\"><div class=\"row-bg using-bg-color\" style=\"background-color: #000000; \"><\/div><\/div><div class=\"row-bg-overlay\"><\/div><\/div><div class=\"row_col_wrap_12 col span_12 light left\"><div class=\"vc_col-sm-5 wpb_column column_container vc_column_container col force-tablet-text-align-center force-phone-text-align-center no-extra-padding  inherit_tablet inherit_phone mpc-column\" data-t-w-inherits=\"default\" data-bg-cover=\"\" data-padding-pos=\"all\" data-has-bg-color=\"false\" data-bg-color=\"\" data-bg-opacity=\"1\" data-hover-bg=\"\" data-hover-bg-opacity=\"1\" data-animation=\"\" data-delay=\"0\" data-column-id=\"mpc_column-2469df0247abe3b\">\n\t\t<div class=\"vc_column-inner\"><div class=\"column-bg-overlay-wrap\" data-bg-animation=\"none\"><div class=\"column-bg-overlay\"><\/div><\/div>\n\t\t\t<div class=\"wpb_wrapper\">\n\t\t\t\t<div class=\"nectar-split-heading\" data-animation-type=\"line-reveal-by-space\" data-animation-delay=\"0\" data-custom-font-size=\"false\"><h2>VIVIR LA VIDA DE FORMA OPTIMIZADA<\/h2><\/div>\n\t\t\t<\/div> \n\t\t<\/div>\n\t<\/div> \n<div class=\"vc_col-sm-1 wpb_column column_container vc_column_container col force-tablet-text-align-center force-phone-text-align-center no-extra-padding  inherit_tablet inherit_phone mpc-column\" data-t-w-inherits=\"default\" data-bg-cover=\"\" data-padding-pos=\"all\" data-has-bg-color=\"false\" data-bg-color=\"\" data-bg-opacity=\"1\" data-hover-bg=\"\" data-hover-bg-opacity=\"1\" data-animation=\"\" data-delay=\"0\" data-column-id=\"mpc_column-6469df0247abf36\">\n\t\t<div class=\"vc_column-inner\"><div class=\"column-bg-overlay-wrap\" data-bg-animation=\"none\"><div class=\"column-bg-overlay\"><\/div><\/div>\n\t\t\t<div class=\"wpb_wrapper\">\n\t\t\t\t\n\t\t\t<\/div> \n\t\t<\/div>\n\t<\/div> \n<div class=\"vc_col-sm-6 wpb_column column_container vc_column_container col force-tablet-text-align-center force-phone-text-align-center no-extra-padding  inherit_tablet inherit_phone mpc-column\" data-t-w-inherits=\"default\" data-bg-cover=\"\" data-padding-pos=\"all\" data-has-bg-color=\"false\" data-bg-color=\"\" data-bg-opacity=\"1\" data-hover-bg=\"\" data-hover-bg-opacity=\"1\" data-animation=\"\" data-delay=\"0\" data-column-id=\"mpc_column-5269df0247ac3b6\">\n\t\t<div class=\"vc_column-inner\"><div class=\"column-bg-overlay-wrap\" data-bg-animation=\"none\"><div class=\"column-bg-overlay\"><\/div><\/div>\n\t\t\t<div class=\"wpb_wrapper\">\n\t\t\t\t<div id=\"fws_69df0247ac054\" data-midnight=\"\" data-column-margin=\"default\" class=\"wpb_row vc_row-fluid vc_row inner_row standard_section mpc-row\" style=\"padding-top: 0px; padding-bottom: 0px; \"><div class=\"row-bg-wrap\"> <div class=\"row-bg\"><\/div> <\/div><div class=\"row_col_wrap_12_inner col span_12  right\"><div class=\"vc_col-sm-12 wpb_column column_container vc_column_container col child_column no-extra-padding  inherit_tablet inherit_phone mpc-column\" data-t-w-inherits=\"default\" data-bg-cover=\"\" data-padding-pos=\"all\" data-has-bg-color=\"false\" data-bg-color=\"\" data-bg-opacity=\"1\" data-hover-bg=\"\" data-hover-bg-opacity=\"1\" data-animation=\"\" data-delay=\"0\" data-column-id=\"mpc_column-2369df0247ac293\">\n\t\t<div class=\"vc_column-inner\"><div class=\"column-bg-overlay-wrap\" data-bg-animation=\"none\"><div class=\"column-bg-overlay\"><\/div><\/div>\n\t\t<div class=\"wpb_wrapper\">\n\t\t\t<a class=\"nectar-button large see-through extra-color-1\" style=\"margin-right: 20px; \" href=\"#book\" data-color-override=\"false\" data-hover-color-override=\"false\" data-hover-text-color-override=\"#fff\"><span>reserve su consulta gratuita<\/span><\/a>\n\t\t<\/div> \n\t<\/div>\n\t<\/div> \n<\/div><\/div>\n\t\t\t<\/div> \n\t\t<\/div>\n\t<\/div> \n<\/div><\/div>\n\t\t<div id=\"fws_69df0247ac5fd\" data-column-margin=\"default\" data-midnight=\"light\" class=\"wpb_row vc_row-fluid vc_row full-width-section standard_section  mpc-row\" style=\"padding-top: 0px; padding-bottom: 0px; \"><div class=\"row-bg-wrap\" data-bg-animation=\"none\" data-bg-overlay=\"false\"><div class=\"inner-wrap\"><div class=\"row-bg using-bg-color\" style=\"background-color: #000000; \"><\/div><\/div><div class=\"row-bg-overlay\"><\/div><\/div><div class=\"row_col_wrap_12 col span_12 light left\"><div class=\"vc_col-sm-12 wpb_column column_container vc_column_container col no-extra-padding  inherit_tablet inherit_phone mpc-column\" data-t-w-inherits=\"default\" data-bg-cover=\"\" data-padding-pos=\"all\" data-has-bg-color=\"false\" data-bg-color=\"\" data-bg-opacity=\"1\" data-hover-bg=\"\" data-hover-bg-opacity=\"1\" data-animation=\"\" data-delay=\"0\" data-column-id=\"mpc_column-6969df0247ac7ec\">\n\t\t<div class=\"vc_column-inner\"><div class=\"column-bg-overlay-wrap\" data-bg-animation=\"none\"><div class=\"column-bg-overlay\"><\/div><\/div>\n\t\t\t<div class=\"wpb_wrapper\">\n\t\t\t\t<div class=\"divider-wrap\" data-alignment=\"default\"><div style=\"margin-top: 1px; height: 1px; margin-bottom: 1px;\" data-width=\"100%\" data-animate=\"\" data-animation-delay=\"\" data-color=\"default\" class=\"divider-border\"><\/div><\/div>\n\t\t\t<\/div> \n\t\t<\/div>\n\t<\/div> \n<\/div><\/div>","protected":false},"excerpt":{"rendered":"Monthly Quality of Life Assessment TAKE ASSESSMENT HOW ARE YOU FEELING? Completing the following form on a monthly basis will help us to help YOU achieve your goals! On your","protected":false},"author":3,"featured_media":0,"parent":0,"menu_order":0,"comment_status":"closed","ping_status":"closed","template":"","meta":{"inline_featured_image":false,"footnotes":""},"class_list":["post-6396","page","type-page","status-publish"],"_links":{"self":[{"href":"https:\/\/fitmdusa.com\/es\/wp-json\/wp\/v2\/pages\/6396","targetHints":{"allow":["GET"]}}],"collection":[{"href":"https:\/\/fitmdusa.com\/es\/wp-json\/wp\/v2\/pages"}],"about":[{"href":"https:\/\/fitmdusa.com\/es\/wp-json\/wp\/v2\/types\/page"}],"author":[{"embeddable":true,"href":"https:\/\/fitmdusa.com\/es\/wp-json\/wp\/v2\/users\/3"}],"replies":[{"embeddable":true,"href":"https:\/\/fitmdusa.com\/es\/wp-json\/wp\/v2\/comments?post=6396"}],"version-history":[{"count":0,"href":"https:\/\/fitmdusa.com\/es\/wp-json\/wp\/v2\/pages\/6396\/revisions"}],"wp:attachment":[{"href":"https:\/\/fitmdusa.com\/es\/wp-json\/wp\/v2\/media?parent=6396"}],"curies":[{"name":"wp","href":"https:\/\/api.w.org\/{rel}","templated":true}]}}