{"id":6393,"date":"2020-10-13T21:00:04","date_gmt":"2020-10-13T21:00:04","guid":{"rendered":"http:\/\/fitmdusa.com\/?page_id=6393"},"modified":"2025-02-10T16:34:04","modified_gmt":"2025-02-10T16:34:04","slug":"carreras","status":"publish","type":"page","link":"https:\/\/fitmdusa.com\/es\/contact\/careers\/","title":{"rendered":"Carreras profesionales"},"content":{"rendered":"<div id=\"fws_69f1b4722837d\" data-column-margin=\"default\" data-midnight=\"dark\" class=\"wpb_row vc_row-fluid vc_row full-width-section  vc_row-o-equal-height vc_row-flex  vc_row-o-content-middle parallax_section  left_padding_5pct bottom_padding_tablet_140px bottom_padding_phone_0px  mpc-row\" style=\"padding-top: 60px; padding-bottom: 240px; \"><div class=\"row-bg-wrap\" data-bg-animation=\"fade-in\" data-bg-overlay=\"true\"><div class=\"inner-wrap using-image\"><div class=\"row-bg using-image using-bg-color\" data-parallax-speed=\"fast\" style=\"background-image: url(https:\/\/fitmdusa.com\/wp-content\/uploads\/2020\/12\/Careers-Hero-BG.jpg); background-position: center bottom; background-repeat: no-repeat; background-color: #d1d1ca; \"><\/div><\/div><div class=\"row-bg-overlay\" style=\"background: #ffffff; background: linear-gradient(90deg,#ffffff 25%,rgba(255,255,255,0.001) 100%);  opacity: 1; background: #ffffff; background: linear-gradient(90deg,#ffffff 0%,rgba(255,255,255,0.001) 100%);  opacity: 1; \"><\/div><\/div><div class=\"nectar-shape-divider-wrap no-color\" style=\" height:350px;\" data-front=\"\" data-style=\"curve\" data-position=\"bottom\"><svg class=\"nectar-shape-divider\" fill=\"\" xmlns=\"http:\/\/www.w3.org\/2000\/svg\" viewbox=\"0 0 1000 100\" preserveaspectratio=\"none\"> <path d=\"M 0 0 c 0 0 200 50 500 50 s 500 -50 500 -50 v 101 h -1000 v -100 z\"><\/path> <\/svg><\/div><div class=\"row_col_wrap_12 col span_12 dark left\"><div class=\"vc_col-sm-8 wpb_column column_container vc_column_container col no-extra-padding  inherit_tablet inherit_phone mpc-column\" data-t-w-inherits=\"default\" data-bg-cover=\"\" data-padding-pos=\"left\" data-has-bg-color=\"false\" data-bg-color=\"\" data-bg-opacity=\"1\" data-hover-bg=\"\" data-hover-bg-opacity=\"1\" data-animation=\"\" data-delay=\"0\" data-column-id=\"mpc_column-3669f1b47229007\">\n\t\t<div class=\"vc_column-inner\"><div class=\"column-bg-overlay-wrap\" data-bg-animation=\"none\"><div class=\"column-bg-overlay\"><\/div><\/div>\n\t\t\t<div class=\"wpb_wrapper\">\n\t\t\t\t<div id=\"fws_69f1b4722877f\" data-midnight=\"\" data-column-margin=\"default\" class=\"wpb_row vc_row-fluid vc_row inner_row standard_section mpc-row\" style=\"padding-top: 0px; padding-bottom: 0px; \"><div class=\"row-bg-wrap\"> <div class=\"row-bg\"><\/div> <\/div><div class=\"row_col_wrap_12_inner col span_12  left\"><div class=\"vc_col-sm-12 wpb_column column_container vc_column_container col child_column no-extra-padding  inherit_tablet inherit_phone mpc-column\" data-t-w-inherits=\"default\" data-bg-cover=\"\" data-padding-pos=\"all\" data-has-bg-color=\"false\" data-bg-color=\"\" data-bg-opacity=\"1\" data-hover-bg=\"\" data-hover-bg-opacity=\"1\" data-animation=\"\" data-delay=\"0\" data-column-id=\"mpc_column-169f1b47228c2a\">\n\t\t<div class=\"vc_column-inner\"><div class=\"column-bg-overlay-wrap\" data-bg-animation=\"none\"><div class=\"column-bg-overlay\"><\/div><\/div>\n\t\t<div class=\"wpb_wrapper\">\n\t\t\t\r\n<div class=\"wpb_text_column wpb_content_element\" style=\" max-width: 700px; display: inline-block;\">\r\n\t<div class=\"wpb_wrapper\">\r\n\t\t<h1><span class=\"green-h1\">Marcar la diferencia<\/span><br>\nOportunidades profesionales<\/h1>\n\t<\/div>\r\n<\/div>\r\n\r\n\r\n\r\n\n\t\t<\/div> \n\t<\/div>\n\t<\/div> \n<\/div><\/div><a class=\"nectar-button large regular m-extra-color-gradient-2\" style=\"margin-right: 20px; background-color: #00009b;\" href=\"#apply\" data-color-override=\"#00009b\" data-hover-color-override=\"false\" data-hover-text-color-override=\"#fff\"><span>Solicitar ahora<\/span><\/a><div class=\"divider-wrap\" data-alignment=\"default\"><div style=\"height: 100px;\" class=\"divider\"><\/div><\/div>\n\t\t\t<\/div> \n\t\t<\/div>\n\t<\/div> \n<div class=\"vc_col-sm-4 wpb_column column_container vc_column_container col no-extra-padding  inherit_tablet inherit_phone mpc-column\" data-t-w-inherits=\"default\" data-bg-cover=\"\" data-padding-pos=\"all\" data-has-bg-color=\"false\" data-bg-color=\"\" data-bg-opacity=\"1\" data-hover-bg=\"\" data-hover-bg-opacity=\"1\" data-animation=\"\" data-delay=\"0\" data-column-id=\"mpc_column-7769f1b47229160\">\n\t\t<div class=\"vc_column-inner\"><div class=\"column-bg-overlay-wrap\" data-bg-animation=\"none\"><div class=\"column-bg-overlay\"><\/div><\/div>\n\t\t\t<div class=\"wpb_wrapper\">\n\t\t\t\t\n\t\t\t<\/div> \n\t\t<\/div>\n\t<\/div> \n<\/div><\/div>\n\t\t<div id=\"fws_69f1b4722944b\" data-column-margin=\"default\" data-midnight=\"dark\" class=\"wpb_row vc_row-fluid vc_row standard_section  mpc-row\" style=\"padding-top: 0px; padding-bottom: 0px; \"><div class=\"row-bg-wrap\" data-bg-animation=\"none\" data-bg-overlay=\"false\"><div class=\"inner-wrap\"><div class=\"row-bg\" style=\"\"><\/div><\/div><div class=\"row-bg-overlay\"><\/div><\/div><div class=\"row_col_wrap_12 col span_12 dark center\"><div style=\"margin-top: -100px; \" class=\"vc_col-sm-12 wpb_column column_container vc_column_container col neg-marg no-extra-padding  top_margin_tablet_-50px top_margin_phone_0px inherit_tablet inherit_phone mpc-column\" data-t-w-inherits=\"default\" data-bg-cover=\"\" data-padding-pos=\"all\" data-has-bg-color=\"false\" data-bg-color=\"\" data-bg-opacity=\"1\" data-hover-bg=\"\" data-hover-bg-opacity=\"1\" data-animation=\"\" data-delay=\"0\" data-column-id=\"mpc_column-8569f1b47229ff7\">\n\t\t<div class=\"vc_column-inner\"><div class=\"column-bg-overlay-wrap\" data-bg-animation=\"none\"><div class=\"column-bg-overlay\"><\/div><\/div>\n\t\t\t<div class=\"wpb_wrapper\">\n\t\t\t\t\r\n<div class=\"wpb_text_column wpb_content_element\">\r\n\t<div class=\"wpb_wrapper\">\r\n\t\t<p style=\"text-align: center;\"><span class=\"green-h1\">LISTO PARA<\/span><\/p>\n\t<\/div>\r\n<\/div>\r\n\r\n\r\n\r\n\r\n<div class=\"wpb_text_column wpb_content_element\">\r\n\t<div class=\"wpb_wrapper\">\r\n\t\t<h3>\u00bfAma lo que hace?<\/h3>\n\t<\/div>\r\n<\/div>\r\n\r\n\r\n\r\n<div id=\"apply\" data-midnight=\"\" data-column-margin=\"default\" class=\"wpb_row vc_row-fluid vc_row inner_row standard_section mpc-row\" style=\"padding-top: 0px; padding-bottom: 0px; \"><div class=\"row-bg-wrap\"> <div class=\"row-bg\"><\/div> <\/div><div class=\"row_col_wrap_12_inner col span_12  center\"><div class=\"vc_col-sm-2 wpb_column column_container vc_column_container col child_column no-extra-padding  inherit_tablet inherit_phone mpc-column\" data-t-w-inherits=\"default\" data-bg-cover=\"\" data-padding-pos=\"all\" data-has-bg-color=\"false\" data-bg-color=\"\" data-bg-opacity=\"1\" data-hover-bg=\"\" data-hover-bg-opacity=\"1\" data-animation=\"\" data-delay=\"0\" data-column-id=\"mpc_column-8769f1b47229976\">\n\t\t<div class=\"vc_column-inner\"><div class=\"column-bg-overlay-wrap\" data-bg-animation=\"none\"><div class=\"column-bg-overlay\"><\/div><\/div>\n\t\t<div class=\"wpb_wrapper\">\n\t\t\t\n\t\t<\/div> \n\t<\/div>\n\t<\/div> \n<div class=\"vc_col-sm-8 wpb_column column_container vc_column_container col child_column no-extra-padding  inherit_tablet inherit_phone mpc-column\" data-t-w-inherits=\"default\" data-bg-cover=\"\" data-padding-pos=\"all\" data-has-bg-color=\"false\" data-bg-color=\"\" data-bg-opacity=\"1\" data-hover-bg=\"\" data-hover-bg-opacity=\"1\" data-animation=\"\" data-delay=\"0\" data-column-id=\"mpc_column-2569f1b47229c70\">\n\t\t<div class=\"vc_column-inner\"><div class=\"column-bg-overlay-wrap\" data-bg-animation=\"none\"><div class=\"column-bg-overlay\"><\/div><\/div>\n\t\t<div class=\"wpb_wrapper\">\n\t\t\t\r\n<div class=\"wpb_text_column wpb_content_element\">\r\n\t<div class=\"wpb_wrapper\">\r\n\t\t<p><span>Fit MD est\u00e1 aqu\u00ed para responder a la llamada de la revoluci\u00f3n de la salud y el bienestar.<\/span><\/p>\n<p>El objetivo de nuestro <a href=\"http:\/\/fitmdusa.com\/es\/\">cl\u00ednica de p\u00e9rdida de peso y reemplazo hormonal<\/a> cerca de Denver en Northglenn y Wheat Ridge es ayudar a nuestros pacientes a adoptar un enfoque preventivo y proactivo para alcanzar sus objetivos \u00f3ptimos de salud y forma f\u00edsica. Lo hacemos proporcionando productos y servicios que ayudan al cuerpo a rendir al m\u00e1ximo de su capacidad, incluyendo terapias hormonales bioid\u00e9nticas, p\u00e9rdida de peso m\u00e9dica, terapia intravenosa y vitam\u00ednica, y mucho m\u00e1s.<\/p>\n<h4>Si nuestra filosof\u00eda tambi\u00e9n es su pasi\u00f3n,<br>\n\u00a1nos gustar\u00eda conocerle!<\/h4>\n<p>Haga clic en el bot\u00f3n de abajo para enviar su curr\u00edculum y formar parte del equipo Fit MD.<\/p>\n\t<\/div>\r\n<\/div>\r\n\r\n\r\n\r\n<a class=\"nectar-button large regular m-extra-color-gradient-2\" style=\"margin-right: 20px; background-color: #00009b;\" href=\"mailto:careers@fitmdusa.com\" data-color-override=\"#00009b\" data-hover-color-override=\"false\" data-hover-text-color-override=\"#fff\"><span>ENVIAR CURR\u00cdCULUM<\/span><\/a>\n\t\t<\/div> \n\t<\/div>\n\t<\/div> \n<div class=\"vc_col-sm-2 wpb_column column_container vc_column_container col child_column no-extra-padding  inherit_tablet inherit_phone mpc-column\" data-t-w-inherits=\"default\" data-bg-cover=\"\" data-padding-pos=\"all\" data-has-bg-color=\"false\" data-bg-color=\"\" data-bg-opacity=\"1\" data-hover-bg=\"\" data-hover-bg-opacity=\"1\" data-animation=\"\" data-delay=\"0\" data-column-id=\"mpc_column-2669f1b47229d52\">\n\t\t<div class=\"vc_column-inner\"><div class=\"column-bg-overlay-wrap\" data-bg-animation=\"none\"><div class=\"column-bg-overlay\"><\/div><\/div>\n\t\t<div class=\"wpb_wrapper\">\n\t\t\t\n\t\t<\/div> \n\t<\/div>\n\t<\/div> \n<\/div><\/div>\n\t\t\t<\/div> \n\t\t<\/div>\n\t<\/div> \n<\/div><\/div>\n\t\t<div id=\"plans\" data-column-margin=\"default\" data-midnight=\"dark\" data-top-percent=\"5%\" data-bottom-percent=\"5%\" class=\"wpb_row vc_row-fluid vc_row full-width-section standard_section  right_padding_15pct left_padding_15pct  mpc-row\" style=\"padding-top: calc(100vw * 0.05); padding-bottom: calc(100vw * 0.05); \"><div class=\"row-bg-wrap\" data-bg-animation=\"none\" data-bg-overlay=\"false\"><div class=\"inner-wrap\"><div class=\"row-bg\" style=\"\"><\/div><\/div><div class=\"row-bg-overlay\"><\/div><\/div><div class=\"row_col_wrap_12 col span_12 dark left\"><div class=\"vc_col-sm-12 wpb_column column_container vc_column_container col no-extra-padding  inherit_tablet inherit_phone mpc-column\" data-t-w-inherits=\"default\" data-bg-cover=\"\" data-padding-pos=\"all\" data-has-bg-color=\"false\" data-bg-color=\"\" data-bg-opacity=\"1\" data-hover-bg=\"\" data-hover-bg-opacity=\"1\" data-animation=\"\" data-delay=\"0\" data-column-id=\"mpc_column-7569f1b4722a6c5\">\n\t\t<div class=\"vc_column-inner\"><div class=\"column-bg-overlay-wrap\" data-bg-animation=\"none\"><div class=\"column-bg-overlay\"><\/div><\/div>\n\t\t\t<div class=\"wpb_wrapper\">\n\t\t\t\t<div class=\"nectar-icon-list\" data-icon-color=\"accent-color\" data-icon-style=\"border\" data-columns=\"3\" data-direction=\"horizontal\" data-icon-size=\"small\" data-animate=\"true\"><div class=\"nectar-icon-list-item\"><div class=\"list-icon-holder\" data-icon_type=\"icon\"><i class=\"icon-default-style fa fa-graduation-cap\" data-color=\"accent-color\"><\/i><\/div><div class=\"content\"><h4>EDUCAR<\/h4><\/div><\/div><div class=\"nectar-icon-list-item\"><div class=\"list-icon-holder\" data-icon_type=\"icon\"><i class=\"icon-default-style fa fa-lightbulb-o\" data-color=\"accent-color\"><\/i><\/div><div class=\"content\"><h4>MOTIVAR<\/h4><\/div><\/div><div class=\"nectar-icon-list-item\"><div class=\"list-icon-holder\" data-icon_type=\"icon\"><i class=\"icon-default-style fa fa-hand-rock-o\" data-color=\"accent-color\"><\/i><\/div><div class=\"content\"><h4>EMPOWER<\/h4><\/div><\/div><\/div>\n\t\t\t<\/div> \n\t\t<\/div>\n\t<\/div> \n<\/div><\/div>\n\t\t<div id=\"plans__\" data-column-margin=\"default\" data-midnight=\"dark\" class=\"wpb_row vc_row-fluid vc_row full-width-content standard_section  mpc-row\" style=\"padding-top: 0px; padding-bottom: 0px; \"><div class=\"row-bg-wrap\" data-bg-animation=\"none\" data-bg-overlay=\"false\"><div class=\"inner-wrap\"><div class=\"row-bg\" style=\"\"><\/div><\/div><div class=\"row-bg-overlay\"><\/div><\/div><div class=\"row_col_wrap_12 col span_12 dark left\"><div class=\"vc_col-sm-6 wpb_column column_container vc_column_container col no-extra-padding  inherit_tablet inherit_phone mpc-column\" data-t-w-inherits=\"default\" data-bg-cover=\"\" data-padding-pos=\"all\" data-has-bg-color=\"false\" data-bg-color=\"\" data-bg-opacity=\"1\" data-hover-bg=\"\" data-hover-bg-opacity=\"1\" data-animation=\"\" data-delay=\"0\" data-column-id=\"mpc_column-8669f1b4722ac94\">\n\t\t<div class=\"vc_column-inner\"><div class=\"column-bg-overlay-wrap\" data-bg-animation=\"none\"><div class=\"column-bg-overlay\"><\/div><\/div>\n\t\t\t<div class=\"wpb_wrapper\">\n\t\t\t\t\n\t<div class=\"wpb_raw_code wpb_content_element wpb_raw_html\">\n\t\t<div class=\"wpb_wrapper\">\n\t\t\t<iframe src=\"https:\/\/www.google.com\/maps\/embed?pb=!1m18!1m12!1m3!1d6123.405627722208!2d-104.98886019999999!3d39.8808943!2m3!1f0!2f0!3f0!3m2!1i1024!2i768!4f13.1!3m3!1m2!1s0x876c7660f9edab4d%3A0x2801c6f927d2346c!2s10190%20Bannock%20St%20%23106%2C%20Northglenn%2C%20CO%2080260!5e0!3m2!1sen!2sus!4v1739205180789!5m2!1sen!2sus\" width=\"100%\" height=\"450\" frameborder=\"0\" style=\"border:0;\" allowfullscreen=\"\" aria-hidden=\"false\" tabindex=\"0\"><\/iframe>\n\n\t\t<\/div>\n\t<\/div>\n\n\t\t\t<\/div> \n\t\t<\/div>\n\t<\/div> \n<div class=\"vc_col-sm-6 wpb_column column_container vc_column_container col no-extra-padding  inherit_tablet inherit_phone mpc-column\" data-t-w-inherits=\"default\" data-bg-cover=\"\" data-padding-pos=\"all\" data-has-bg-color=\"false\" data-bg-color=\"\" data-bg-opacity=\"1\" data-hover-bg=\"\" data-hover-bg-opacity=\"1\" data-animation=\"\" data-delay=\"0\" data-column-id=\"mpc_column-4669f1b4722aeb1\">\n\t\t<div class=\"vc_column-inner\"><div class=\"column-bg-overlay-wrap\" data-bg-animation=\"none\"><div class=\"column-bg-overlay\"><\/div><\/div>\n\t\t\t<div class=\"wpb_wrapper\">\n\t\t\t\t\n\t<div class=\"wpb_raw_code wpb_content_element wpb_raw_html\">\n\t\t<div class=\"wpb_wrapper\">\n\t\t\t<iframe src=\"https:\/\/www.google.com\/maps\/embed?pb=!1m18!1m12!1m3!1d3066.055889853795!2d-105.1052938!3d39.783301099999996!2m3!1f0!2f0!3f0!3m2!1i1024!2i768!4f13.1!3m3!1m2!1s0x876b86152a500541%3A0x783c9f53ddf05600!2s4765%20Independence%20St%20b%2C%20Wheat%20Ridge%2C%20CO%2080033!5e0!3m2!1sen!2sus!4v1650632831231!5m2!1sen!2sus\" width=\"100%\" height=\"450\" style=\"border:0;\" allowfullscreen=\"\" loading=\"lazy\" referrerpolicy=\"no-referrer-when-downgrade\"><\/iframe>\n\t\t<\/div>\n\t<\/div>\n\n\t\t\t<\/div> \n\t\t<\/div>\n\t<\/div> \n<\/div><\/div>","protected":false},"excerpt":{"rendered":"Make A Difference Career Opportunities Apply Now READY TO Love What You Do? Fit MD is here to answer the call to the health and wellness revolution. The focus of","protected":false},"author":3,"featured_media":0,"parent":6271,"menu_order":0,"comment_status":"closed","ping_status":"closed","template":"","meta":{"inline_featured_image":false,"footnotes":""},"class_list":["post-6393","page","type-page","status-publish"],"_links":{"self":[{"href":"https:\/\/fitmdusa.com\/es\/wp-json\/wp\/v2\/pages\/6393","targetHints":{"allow":["GET"]}}],"collection":[{"href":"https:\/\/fitmdusa.com\/es\/wp-json\/wp\/v2\/pages"}],"about":[{"href":"https:\/\/fitmdusa.com\/es\/wp-json\/wp\/v2\/types\/page"}],"author":[{"embeddable":true,"href":"https:\/\/fitmdusa.com\/es\/wp-json\/wp\/v2\/users\/3"}],"replies":[{"embeddable":true,"href":"https:\/\/fitmdusa.com\/es\/wp-json\/wp\/v2\/comments?post=6393"}],"version-history":[{"count":0,"href":"https:\/\/fitmdusa.com\/es\/wp-json\/wp\/v2\/pages\/6393\/revisions"}],"up":[{"embeddable":true,"href":"https:\/\/fitmdusa.com\/es\/wp-json\/wp\/v2\/pages\/6271"}],"wp:attachment":[{"href":"https:\/\/fitmdusa.com\/es\/wp-json\/wp\/v2\/media?parent=6393"}],"curies":[{"name":"wp","href":"https:\/\/api.w.org\/{rel}","templated":true}]}}