{"id":6249,"date":"2020-08-21T17:09:11","date_gmt":"2020-08-21T17:09:11","guid":{"rendered":"http:\/\/fitmdusa.com\/?page_id=6249"},"modified":"2025-02-10T15:45:00","modified_gmt":"2025-02-10T15:45:00","slug":"prueba-de-composicion-corporal","status":"publish","type":"page","link":"https:\/\/fitmdusa.com\/es\/services\/body-composition-test\/","title":{"rendered":"InBody Composition Testing"},"content":{"rendered":"<div id=\"fws_69f99f9daad02\" data-column-margin=\"default\" data-midnight=\"dark\" class=\"wpb_row vc_row-fluid vc_row full-width-section  vc_row-o-equal-height vc_row-flex  vc_row-o-content-middle parallax_section  left_padding_5pct bottom_padding_tablet_140px bottom_padding_phone_0px  mpc-row\" style=\"padding-top: 60px; padding-bottom: 240px; \"><div class=\"row-bg-wrap\" data-bg-animation=\"fade-in\" data-bg-overlay=\"true\"><div class=\"inner-wrap using-image\"><div class=\"row-bg using-image using-bg-color\" data-parallax-speed=\"fast\" style=\"background-image: url(https:\/\/fitmdusa.com\/wp-content\/uploads\/2020\/08\/InBody-Composition-Testing.jpg); background-position: center top; background-repeat: no-repeat; background-color: #d1d1ca; \"><\/div><\/div><div class=\"row-bg-overlay\" style=\"background: #ffffff; background: linear-gradient(90deg,#ffffff 25%,rgba(255,255,255,0.001) 100%);  opacity: 1; background: #ffffff; background: linear-gradient(90deg,#ffffff 0%,rgba(255,255,255,0.001) 100%);  opacity: 1; \"><\/div><\/div><div class=\"nectar-shape-divider-wrap no-color\" style=\" height:350px;\" data-front=\"\" data-style=\"curve\" data-position=\"bottom\"><svg class=\"nectar-shape-divider\" fill=\"\" xmlns=\"http:\/\/www.w3.org\/2000\/svg\" viewbox=\"0 0 1000 100\" preserveaspectratio=\"none\"> <path d=\"M 0 0 c 0 0 200 50 500 50 s 500 -50 500 -50 v 101 h -1000 v -100 z\"><\/path> <\/svg><\/div><div class=\"row_col_wrap_12 col span_12 dark left\"><div class=\"vc_col-sm-8 wpb_column column_container vc_column_container col no-extra-padding  inherit_tablet inherit_phone mpc-column\" data-t-w-inherits=\"default\" data-bg-cover=\"\" data-padding-pos=\"left\" data-has-bg-color=\"false\" data-bg-color=\"\" data-bg-opacity=\"1\" data-hover-bg=\"\" data-hover-bg-opacity=\"1\" data-animation=\"\" data-delay=\"0\" data-column-id=\"mpc_column-5369f99f9dabd36\">\n\t\t<div class=\"vc_column-inner\"><div class=\"column-bg-overlay-wrap\" data-bg-animation=\"none\"><div class=\"column-bg-overlay\"><\/div><\/div>\n\t\t\t<div class=\"wpb_wrapper\">\n\t\t\t\t<div id=\"fws_69f99f9dab309\" data-midnight=\"\" data-column-margin=\"default\" class=\"wpb_row vc_row-fluid vc_row inner_row standard_section mpc-row\" style=\"padding-top: 0px; padding-bottom: 0px; \"><div class=\"row-bg-wrap\"> <div class=\"row-bg\"><\/div> <\/div><div class=\"row_col_wrap_12_inner col span_12  left\"><div class=\"vc_col-sm-12 wpb_column column_container vc_column_container col child_column no-extra-padding  inherit_tablet inherit_phone mpc-column\" data-t-w-inherits=\"default\" data-bg-cover=\"\" data-padding-pos=\"all\" data-has-bg-color=\"false\" data-bg-color=\"\" data-bg-opacity=\"1\" data-hover-bg=\"\" data-hover-bg-opacity=\"1\" data-animation=\"\" data-delay=\"0\" data-column-id=\"mpc_column-10069f99f9dab869\">\n\t\t<div class=\"vc_column-inner\"><div class=\"column-bg-overlay-wrap\" data-bg-animation=\"none\"><div class=\"column-bg-overlay\"><\/div><\/div>\n\t\t<div class=\"wpb_wrapper\">\n\t\t\t\r\n<div class=\"wpb_text_column wpb_content_element\" style=\" max-width: 700px; display: inline-block;\">\r\n\t<div class=\"wpb_wrapper\">\r\n\t\t<p><span class=\"green-h1\">MEDICAL-GRADE<\/span><\/p>\n<h1>InBody Escaneos de composici\u00f3n en Denver, CO<\/h1>\n\t<\/div>\r\n<\/div>\r\n\r\n\r\n\r\n\n\t\t<\/div> \n\t<\/div>\n\t<\/div> \n<\/div><\/div><a class=\"nectar-button large see-through-2\" style=\"border-color: #00009b; color: #00009b;\" href=\"https:\/\/fitmdusa.com\/es\/book-appointment\/\" data-color-override=\"#00009b\" data-hover-color-override=\"false\" data-hover-text-color-override=\"#ffffff\"><span>P\u00f3ngase en contacto para saber m\u00e1s<\/span><\/a><div class=\"divider-wrap\" data-alignment=\"default\"><div style=\"height: 100px;\" class=\"divider\"><\/div><\/div>\n\t\t\t<\/div> \n\t\t<\/div>\n\t<\/div> \n<div class=\"vc_col-sm-4 wpb_column column_container vc_column_container col no-extra-padding  inherit_tablet inherit_phone mpc-column\" data-t-w-inherits=\"default\" data-bg-cover=\"\" data-padding-pos=\"all\" data-has-bg-color=\"false\" data-bg-color=\"\" data-bg-opacity=\"1\" data-hover-bg=\"\" data-hover-bg-opacity=\"1\" data-animation=\"\" data-delay=\"0\" data-column-id=\"mpc_column-3069f99f9dac02e\">\n\t\t<div class=\"vc_column-inner\"><div class=\"column-bg-overlay-wrap\" data-bg-animation=\"none\"><div class=\"column-bg-overlay\"><\/div><\/div>\n\t\t\t<div class=\"wpb_wrapper\">\n\t\t\t\t\n\t\t\t<\/div> \n\t\t<\/div>\n\t<\/div> \n<\/div><\/div>\n\t\t<div id=\"plans\" data-column-margin=\"default\" data-midnight=\"dark\" data-bottom-percent=\"5%\" class=\"wpb_row vc_row-fluid vc_row full-width-section standard_section  mpc-row\" style=\"padding-top: 0px; padding-bottom: calc(100vw * 0.05); \"><div class=\"row-bg-wrap\" data-bg-animation=\"none\" data-bg-overlay=\"false\"><div class=\"inner-wrap\"><div class=\"row-bg\" style=\"\"><\/div><\/div><div class=\"row-bg-overlay\"><\/div><\/div><div class=\"row_col_wrap_12 col span_12 dark left\"><div style=\"margin-top: -100px; \" class=\"vc_col-sm-12 wpb_column column_container vc_column_container col neg-marg no-extra-padding  top_margin_tablet_-50px top_margin_phone_0px inherit_tablet inherit_phone mpc-column\" data-t-w-inherits=\"default\" data-bg-cover=\"\" data-padding-pos=\"all\" data-has-bg-color=\"false\" data-bg-color=\"\" data-bg-opacity=\"1\" data-hover-bg=\"\" data-hover-bg-opacity=\"1\" data-animation=\"\" data-delay=\"0\" data-column-id=\"mpc_column-1969f99f9db0096\">\n\t\t<div class=\"vc_column-inner\"><div class=\"column-bg-overlay-wrap\" data-bg-animation=\"none\"><div class=\"column-bg-overlay\"><\/div><\/div>\n\t\t\t<div class=\"wpb_wrapper\">\n\t\t\t\t<div id=\"fws_69f99f9dacb97\" data-midnight=\"\" data-column-margin=\"default\" class=\"wpb_row vc_row-fluid vc_row inner_row standard_section mpc-row\" style=\"padding-top: 0px; padding-bottom: 5%; \"><div class=\"row-bg-wrap\"> <div class=\"row-bg\"><\/div> <\/div><div class=\"row_col_wrap_12_inner col span_12  left\"><div class=\"vc_col-sm-2 wpb_column column_container vc_column_container col child_column no-extra-padding  inherit_tablet inherit_phone mpc-column\" data-t-w-inherits=\"default\" data-bg-cover=\"\" data-padding-pos=\"all\" data-has-bg-color=\"false\" data-bg-color=\"\" data-bg-opacity=\"1\" data-hover-bg=\"\" data-hover-bg-opacity=\"1\" data-animation=\"\" data-delay=\"0\" data-column-id=\"mpc_column-4169f99f9dacf07\">\n\t\t<div class=\"vc_column-inner\"><div class=\"column-bg-overlay-wrap\" data-bg-animation=\"none\"><div class=\"column-bg-overlay\"><\/div><\/div>\n\t\t<div class=\"wpb_wrapper\">\n\t\t\t\n\t\t<\/div> \n\t<\/div>\n\t<\/div> \n<div class=\"vc_col-sm-8 wpb_column column_container vc_column_container col child_column centered-text no-extra-padding  inherit_tablet inherit_phone mpc-column\" data-t-w-inherits=\"default\" data-bg-cover=\"\" data-padding-pos=\"all\" data-has-bg-color=\"false\" data-bg-color=\"\" data-bg-opacity=\"1\" data-hover-bg=\"\" data-hover-bg-opacity=\"1\" data-animation=\"\" data-delay=\"0\" data-column-id=\"mpc_column-5969f99f9daf26b\">\n\t\t<div class=\"vc_column-inner\"><div class=\"column-bg-overlay-wrap\" data-bg-animation=\"none\"><div class=\"column-bg-overlay\"><\/div><\/div>\n\t\t<div class=\"wpb_wrapper\">\n\t\t\t\r\n<div class=\"wpb_text_column wpb_content_element  wpb_animate_when_almost_visible wpb_fadeInUp fadeInUp\">\r\n\t<div class=\"wpb_wrapper\">\r\n\t\t<h2><span class=\"green-h1\">QU\u00c9 ES<\/span><br>\n\u00bfComposici\u00f3n corporal?<\/h2>\n\t<\/div>\r\n<\/div>\r\n\r\n\r\n\r\n\r\n<div class=\"wpb_text_column wpb_content_element\">\r\n\t<div class=\"wpb_wrapper\">\r\n\t\t<p data-pm-slice=\"1 1 []\"><span>La composici\u00f3n corporal es un desglose detallado de lo que est\u00e1 hecho su cuerpo, incluyendo grasa, prote\u00ednas, minerales y agua. A diferencia del IMC, que s\u00f3lo tiene en cuenta el peso en relaci\u00f3n con la altura, el an\u00e1lisis de la composici\u00f3n corporal proporciona una evaluaci\u00f3n mucho m\u00e1s precisa de su salud al distinguir entre masa grasa, masa muscular y porcentaje de grasa corporal.<\/span><\/p>\n<p><span>Si se est\u00e1 centrando en perder peso o simplemente quiere tener una imagen m\u00e1s clara de su salud general, los m\u00e9todos tradicionales como subirse a una b\u00e1scula o calcular el IMC se quedan cortos. Estos m\u00e9todos no diferencian entre grasa y m\u00fasculo, lo que conduce a resultados enga\u00f1osos.<\/span><\/p>\n<p><span>El an\u00e1lisis de la composici\u00f3n corporal le permite realizar un seguimiento de los cambios en la p\u00e9rdida de grasa y el aumento de masa muscular, lo que le proporciona un conocimiento preciso de su salud y su progreso f\u00edsico.<\/span><\/p>\n\t<\/div>\r\n<\/div>\r\n\r\n\r\n\r\n\n\t<div class=\"wpb_video_widget wpb_content_element vc_clearfix  vc_hidden-sm vc_hidden-xs  vc_video-aspect-ratio-169 vc_video-el-width-50 vc_video-align-center\">\n\t\t<div class=\"wpb_wrapper\">\n\t\t\t\n\t\t\t<div class=\"wpb_video_wrapper\"><iframe title=\"\u00bfQu\u00e9 es la composici\u00f3n corporal?\" width=\"1080\" height=\"608\" src=\"https:\/\/www.youtube.com\/embed\/B6jIUOi8puk?feature=oembed\" frameborder=\"0\" allow=\"accelerometer; autoplay; encrypted-media; gyroscope; picture-in-picture\" allowfullscreen><\/iframe><\/div>\n\t\t<\/div>\n\t<\/div>\n\n\t<div class=\"wpb_video_widget wpb_content_element vc_clearfix  vc_hidden-md vc_hidden-lg  vc_video-aspect-ratio-169 vc_video-el-width-100 vc_video-align-center\">\n\t\t<div class=\"wpb_wrapper\">\n\t\t\t\n\t\t\t<div class=\"wpb_video_wrapper\"><iframe title=\"\u00bfQu\u00e9 es la composici\u00f3n corporal?\" width=\"1080\" height=\"608\" src=\"https:\/\/www.youtube.com\/embed\/B6jIUOi8puk?feature=oembed\" frameborder=\"0\" allow=\"accelerometer; autoplay; encrypted-media; gyroscope; picture-in-picture\" allowfullscreen><\/iframe><\/div>\n\t\t<\/div>\n\t<\/div>\n\r\n<div class=\"wpb_text_column wpb_content_element\">\r\n\t<div class=\"wpb_wrapper\">\r\n\t\t<p>Cuando est\u00e1 pensando en perder peso o simplemente quiere saber lo sano que est\u00e1, probablemente haga una de estas dos cosas: subirse a una b\u00e1scula o calcular su IMC. Pero la verdad es que estos m\u00e9todos no le dicen nada sobre lo sano que est\u00e1: lo \u00fanico que hacen el peso y el IMC es comparar su peso con un est\u00e1ndar que no se ajusta a sus objetivos individuales.<\/p>\n<p>Cuando intente estar m\u00e1s sano, lo m\u00e1s probable es que vaya a&nbsp;<strong>perder grasa<\/strong>&nbsp;y (esperemos)<strong>&nbsp;ganar m\u00fasculo<\/strong>. Pero el IMC y el peso no diferencian entre m\u00fasculo y grasa. Entonces, \u00bfc\u00f3mo puede hacerlo? Mediante el an\u00e1lisis de la composici\u00f3n corporal.<\/p>\n<p><strong>An\u00e1lisis de la composici\u00f3n corporal<\/strong>&nbsp;es un m\u00e9todo para describir de qu\u00e9 est\u00e1 hecho el cuerpo, diferenciando entre grasas, prote\u00ednas, minerales y agua corporal para ofrecerle una instant\u00e1nea de su salud.<\/p>\n\t<\/div>\r\n<\/div>\r\n\r\n\r\n\r\n<div class=\"divider-wrap\" data-alignment=\"default\"><div style=\"height: 60px;\" class=\"divider\"><\/div><\/div>\r\n<div class=\"wpb_text_column wpb_content_element  wpb_animate_when_almost_visible wpb_fadeInUp fadeInUp\">\r\n\t<div class=\"wpb_wrapper\">\r\n\t\t<h2><span class=\"green-h1\">TOMAR LA<\/span><br>\nPrueba InBody<\/h2>\n\t<\/div>\r\n<\/div>\r\n\r\n\r\n\r\n\r\n<div class=\"wpb_text_column wpb_content_element\">\r\n\t<div class=\"wpb_wrapper\">\r\n\t\t<p data-pm-slice=\"1 3 []\"><span>El esc\u00e1ner InBody, disponible tanto en nuestro <\/span><span><strong>Northglenn y Wheat Ridge<\/strong><\/span><span> locations, es una prueba de composici\u00f3n corporal de calidad m\u00e9dica que proporciona informaci\u00f3n exhaustiva sobre su salud. Esta prueba no invasiva mide m\u00e9tricas de salud clave, incluyendo:<\/span><\/p>\n<ul data-spread=\"false\">\n<li><span><strong>Medici\u00f3n precisa del IMC<\/strong><\/span><span> - Una evaluaci\u00f3n m\u00e1s precisa en comparaci\u00f3n con los c\u00e1lculos est\u00e1ndar del IMC.<\/span><\/li>\n<li><span><strong>Niveles de hidrataci\u00f3n celular<\/strong><\/span><span> - Comprenda el equilibrio h\u00eddrico de su cuerpo y la hidrataci\u00f3n general.<\/span><\/li>\n<li><span><strong>Porcentaje de masa muscular<\/strong><\/span><span> - Realice un seguimiento de su masa muscular magra para conocer mejor su nivel de forma f\u00edsica.<\/span><\/li>\n<li><span><strong>Porcentaje de grasa corporal<\/strong><\/span><span> - Mida su porcentaje de grasa con precisi\u00f3n para orientar sus objetivos de p\u00e9rdida de peso o de forma f\u00edsica.<\/span><\/li>\n<\/ul>\n<p data-pm-slice=\"1 1 []\"><span>Vea el siguiente v\u00eddeo para saber c\u00f3mo prepararse para su prueba InBody y asegurarse los resultados m\u00e1s precisos. Cuando est\u00e9 listo, visite nuestra <\/span><span><strong>Cl\u00ednicas Northglenn o Wheat Ridge<\/strong><\/span><span> para realizar la prueba y obtener informaci\u00f3n experta sobre su composici\u00f3n corporal.<\/span><\/p>\n\t<\/div>\r\n<\/div>\r\n\r\n\r\n\r\n\n\t<div class=\"wpb_video_widget wpb_content_element vc_clearfix   vc_video-aspect-ratio-169 vc_video-el-width-50 vc_video-align-center\">\n\t\t<div class=\"wpb_wrapper\">\n\t\t\t\n\t\t\t<div class=\"wpb_video_wrapper\"><iframe title=\"Medidas de precauci\u00f3n\" width=\"1080\" height=\"608\" src=\"https:\/\/www.youtube.com\/embed\/uj_6tRImmYg?feature=oembed\" frameborder=\"0\" allow=\"accelerometer; autoplay; encrypted-media; gyroscope; picture-in-picture\" allowfullscreen><\/iframe><\/div>\n\t\t<\/div>\n\t<\/div>\n\r\n<div class=\"wpb_text_column wpb_content_element\">\r\n\t<div class=\"wpb_wrapper\">\r\n\t\t<h2 data-pm-slice=\"1 1 []\"><span><strong>\u00bfPor qu\u00e9 elegir Fit MD para las pruebas de composici\u00f3n corporal en Denver?<\/strong><\/span><\/h2>\n<p><span>En Fit MD, estamos especializados en soluciones avanzadas de salud y bienestar, incluida la p\u00e9rdida de peso m\u00e9dica y la terapia hormonal. Nuestro equipo de expertos est\u00e1 aqu\u00ed para ayudarle a alcanzar sus objetivos de salud con pruebas de composici\u00f3n corporal de vanguardia y apoyo personalizado. Convenientemente situado en <\/span><span><strong>Northglenn y Wheat Ridge<\/strong><\/span><span>, atendemos a clientes en todo el <\/span><span><strong>Denver \u00e1rea metropolitana<\/strong><\/span><span>, proporcionando el m\u00e1s alto nivel de atenci\u00f3n en el an\u00e1lisis de la composici\u00f3n corporal y el control m\u00e9dico del peso.<\/span><\/p>\n<h3 data-pm-slice=\"1 3 []\"><span>Vis\u00edtenos en uno de nuestros <\/span><span><strong>Localizaciones de la zona Denver<\/strong><\/span><span>:<\/span><\/h3>\n<p>&nbsp;<\/p>\n<h4><span><strong>Northglenn, CO<\/strong><\/span><\/h4>\n<p><span>&#128205; <\/span><span><strong>Direcci\u00f3n:<\/strong><\/span><span> 10190 Bannock St, Suite 106, Northglenn, CO 80260<\/span><br>\n<span>&#128222; <\/span><span><strong>Tel\u00e9fono:<\/strong><\/span><span> (720) 730-2201<\/span><br>\n<span>&#128338; <\/span><span><strong>Horario:<\/strong><\/span><\/p>\n<ul data-spread=\"false\">\n<li><span>Lunes - Mi\u00e9rcoles: 7:00 am - 7:00 pm<\/span><\/li>\n<li><span>Jueves: 7:00 am - 5:00 pm<\/span><\/li>\n<li><span>Viernes: 7:00 am - 2:00 pm<\/span><\/li>\n<\/ul>\n<h4><span><strong>Wheat Ridge, CO<\/strong><\/span><\/h4>\n<p><span>&#128205; <\/span><span><strong>Direcci\u00f3n:<\/strong><\/span><span> 4765 Independence St, Unidad B, Wheat Ridge, CO 80033<\/span><br>\n<span>&#128222; <\/span><span><strong>Tel\u00e9fono:<\/strong><\/span><span> (720) 730-2201<\/span><br>\n<span>&#128338; <\/span><span><strong>Horario:<\/strong><\/span><\/p>\n<ul data-spread=\"false\">\n<li><span>Lunes - Mi\u00e9rcoles: 7:00 am - 7:00 pm<\/span><\/li>\n<li><span>Jueves: 7:00 am - 5:00 pm<\/span><\/li>\n<li><span>Viernes Cerrado<\/span><\/li>\n<\/ul>\n\t<\/div>\r\n<\/div>\r\n\r\n\r\n\r\n\n\t\t<\/div> \n\t<\/div>\n\t<\/div> \n<div class=\"vc_col-sm-2 wpb_column column_container vc_column_container col child_column no-extra-padding  inherit_tablet inherit_phone mpc-column\" data-t-w-inherits=\"default\" data-bg-cover=\"\" data-padding-pos=\"all\" data-has-bg-color=\"false\" data-bg-color=\"\" data-bg-opacity=\"1\" data-hover-bg=\"\" data-hover-bg-opacity=\"1\" data-animation=\"\" data-delay=\"0\" data-column-id=\"mpc_column-6569f99f9daf67c\">\n\t\t<div class=\"vc_column-inner\"><div class=\"column-bg-overlay-wrap\" data-bg-animation=\"none\"><div class=\"column-bg-overlay\"><\/div><\/div>\n\t\t<div class=\"wpb_wrapper\">\n\t\t\t\n\t\t<\/div> \n\t<\/div>\n\t<\/div> \n<\/div><\/div><div class=\"nectar-icon-list\" data-icon-color=\"accent-color\" data-icon-style=\"border\" data-columns=\"2\" data-direction=\"horizontal\" data-icon-size=\"small\" data-animate=\"\"><div class=\"nectar-icon-list-item\"><div class=\"list-icon-holder\" data-icon_type=\"icon\"><i class=\"icon-default-style fa fa-heart\" data-color=\"accent-color\"><\/i><\/div><div class=\"content\"><h4>IMC PRECISO<\/h4><\/div><\/div><div class=\"nectar-icon-list-item\"><div class=\"list-icon-holder\" data-icon_type=\"icon\"><i class=\"icon-default-style fa fa-share-alt\" data-color=\"accent-color\"><\/i><\/div><div class=\"content\"><h4>NIVELES DE HIDRATACI\u00d3N CELULAR<\/h4><\/div><\/div><div class=\"nectar-icon-list-item\"><div class=\"list-icon-holder\" data-icon_type=\"icon\"><i class=\"icon-default-style fa fa-thumbs-up\" data-color=\"accent-color\"><\/i><\/div><div class=\"content\"><h4>POR CIENTO DE M\u00daSCULO MASS<\/h4><\/div><\/div><div class=\"nectar-icon-list-item\"><div class=\"list-icon-holder\" data-icon_type=\"icon\"><i class=\"icon-default-style fa fa-thumbs-down\" data-color=\"accent-color\"><\/i><\/div><div class=\"content\"><h4>PORCENTAJE DE GRASA CORPORAL<\/h4><\/div><\/div><\/div><div class=\"divider-wrap height_phone_20px\" data-alignment=\"default\"><div class=\"divider\"><\/div><\/div>\n\t\t\t<\/div> \n\t\t<\/div>\n\t<\/div> \n<\/div><\/div>\n\t\t<div id=\"book\" data-column-margin=\"default\" data-midnight=\"dark\" class=\"wpb_row vc_row-fluid vc_row full-width-content  vc_row-o-equal-height vc_row-flex standard_section  mpc-row\" style=\"padding-top: 0px; padding-bottom: 0px; \"><div class=\"row-bg-wrap\" data-bg-animation=\"none\" data-bg-overlay=\"false\"><div class=\"inner-wrap\"><div class=\"row-bg\" style=\"\"><\/div><\/div><div class=\"row-bg-overlay\"><\/div><\/div><div class=\"row_col_wrap_12 col span_12 dark left\"><div style=\" color: #ffffff;\" class=\"vc_col-sm-12 wpb_column column_container vc_column_container col padding-5-percent  inherit_tablet inherit_phone mpc-column\" data-using-bg=\"true\" data-t-w-inherits=\"default\" data-bg-cover=\"\" data-padding-pos=\"all\" data-has-bg-color=\"true\" data-bg-color=\"#00009b\" data-bg-opacity=\"1\" data-hover-bg=\"\" data-hover-bg-opacity=\"1\" data-animation=\"\" data-delay=\"0\" data-column-id=\"mpc_column-869f99f9db12dc\">\n\t\t<div class=\"vc_column-inner\"><div class=\"column-bg-overlay-wrap\" data-bg-animation=\"none\"><div class=\"column-bg-overlay\" style=\"opacity: 1; background-color: #00009b;\"><\/div><\/div>\n\t\t\t<div class=\"wpb_wrapper\">\n\t\t\t\t<div class=\"divider-wrap\" data-alignment=\"default\"><div style=\"height: 40px;\" class=\"divider\"><\/div><\/div>\r\n<div class=\"wpb_text_column wpb_content_element\">\r\n\t<div class=\"wpb_wrapper\">\r\n\t\t<h3><span style=\"color: #ffffff;\">\u00bfLe interesa saber m\u00e1s sobre las pruebas de composici\u00f3n corporal?<\/span><\/h3>\n<p data-pm-slice=\"1 1 []\"><span>Tanto si est\u00e1 en <\/span><span><strong>Northglenn, Wheat Ridge, o en cualquier lugar de la zona metropolitana Denver<\/strong><\/span><span>, Fit MD es su socio de confianza en salud y bienestar. <\/span><span><strong>P\u00f3ngase en contacto hoy mismo<\/strong><\/span><span> para programar su esc\u00e1ner InBody y dar el primer paso hacia una vida m\u00e1s sana e informada.<\/span><\/p>\n<p>Le ayudaremos con sus objetivos como proveedor l\u00edder de <span style=\"color: #ffffff;\"><strong>p\u00e9rdida de peso m\u00e9dica y terapia hormonal<\/strong><\/span>.<\/p>\n\t<\/div>\r\n<\/div>\r\n\r\n\r\n\r\n<div class=\"divider-wrap height_phone_20px\" data-alignment=\"default\"><div class=\"divider\"><\/div><\/div>\n\t\t\t<\/div> \n\t\t<\/div>\n\t<\/div> \n<\/div><\/div>\n\t\t<div id=\"fws_69f99f9db1819\" data-column-margin=\"default\" data-midnight=\"light\" class=\"wpb_row vc_row-fluid vc_row full-width-section  vc_row-o-equal-height vc_row-flex  vc_row-o-content-middle standard_section  mpc-row\" style=\"padding-top: 70px; padding-bottom: 70px; \"><div class=\"row-bg-wrap\" data-bg-animation=\"none\" data-bg-overlay=\"false\"><div class=\"inner-wrap\"><div class=\"row-bg using-bg-color\" style=\"background-color: #000000; \"><\/div><\/div><div class=\"row-bg-overlay\"><\/div><\/div><div class=\"row_col_wrap_12 col span_12 light left\"><div class=\"vc_col-sm-5 wpb_column column_container vc_column_container col force-tablet-text-align-center force-phone-text-align-center no-extra-padding  inherit_tablet inherit_phone mpc-column\" data-t-w-inherits=\"default\" data-bg-cover=\"\" data-padding-pos=\"all\" data-has-bg-color=\"false\" data-bg-color=\"\" data-bg-opacity=\"1\" data-hover-bg=\"\" data-hover-bg-opacity=\"1\" data-animation=\"\" data-delay=\"0\" data-column-id=\"mpc_column-1769f99f9db1bdd\">\n\t\t<div class=\"vc_column-inner\"><div class=\"column-bg-overlay-wrap\" data-bg-animation=\"none\"><div class=\"column-bg-overlay\"><\/div><\/div>\n\t\t\t<div class=\"wpb_wrapper\">\n\t\t\t\t<div class=\"nectar-split-heading\" data-animation-type=\"line-reveal-by-space\" data-animation-delay=\"0\" data-custom-font-size=\"false\"><h2>VIVIR LA VIDA DE FORMA OPTIMIZADA<\/h2><\/div>\n\t\t\t<\/div> \n\t\t<\/div>\n\t<\/div> \n<div class=\"vc_col-sm-1 wpb_column column_container vc_column_container col force-tablet-text-align-center force-phone-text-align-center no-extra-padding  inherit_tablet inherit_phone mpc-column\" data-t-w-inherits=\"default\" data-bg-cover=\"\" data-padding-pos=\"all\" data-has-bg-color=\"false\" data-bg-color=\"\" data-bg-opacity=\"1\" data-hover-bg=\"\" data-hover-bg-opacity=\"1\" data-animation=\"\" data-delay=\"0\" data-column-id=\"mpc_column-8969f99f9db1e41\">\n\t\t<div class=\"vc_column-inner\"><div class=\"column-bg-overlay-wrap\" data-bg-animation=\"none\"><div class=\"column-bg-overlay\"><\/div><\/div>\n\t\t\t<div class=\"wpb_wrapper\">\n\t\t\t\t\n\t\t\t<\/div> \n\t\t<\/div>\n\t<\/div> \n<div class=\"vc_col-sm-6 wpb_column column_container vc_column_container col force-tablet-text-align-center force-phone-text-align-center no-extra-padding  inherit_tablet inherit_phone mpc-column\" data-t-w-inherits=\"default\" data-bg-cover=\"\" data-padding-pos=\"all\" data-has-bg-color=\"false\" data-bg-color=\"\" data-bg-opacity=\"1\" data-hover-bg=\"\" data-hover-bg-opacity=\"1\" data-animation=\"\" data-delay=\"0\" data-column-id=\"mpc_column-8969f99f9db278d\">\n\t\t<div class=\"vc_column-inner\"><div class=\"column-bg-overlay-wrap\" data-bg-animation=\"none\"><div class=\"column-bg-overlay\"><\/div><\/div>\n\t\t\t<div class=\"wpb_wrapper\">\n\t\t\t\t<div id=\"fws_69f99f9db217c\" data-midnight=\"\" data-column-margin=\"default\" class=\"wpb_row vc_row-fluid vc_row inner_row standard_section mpc-row\" style=\"padding-top: 0px; padding-bottom: 0px; \"><div class=\"row-bg-wrap\"> <div class=\"row-bg\"><\/div> <\/div><div class=\"row_col_wrap_12_inner col span_12  right\"><div class=\"vc_col-sm-12 wpb_column column_container vc_column_container col child_column no-extra-padding  inherit_tablet inherit_phone mpc-column\" data-t-w-inherits=\"default\" data-bg-cover=\"\" data-padding-pos=\"all\" data-has-bg-color=\"false\" data-bg-color=\"\" data-bg-opacity=\"1\" data-hover-bg=\"\" data-hover-bg-opacity=\"1\" data-animation=\"\" data-delay=\"0\" data-column-id=\"mpc_column-6769f99f9db25f7\">\n\t\t<div class=\"vc_column-inner\"><div class=\"column-bg-overlay-wrap\" data-bg-animation=\"none\"><div class=\"column-bg-overlay\"><\/div><\/div>\n\t\t<div class=\"wpb_wrapper\">\n\t\t\t<a class=\"nectar-button large see-through extra-color-1\" style=\"margin-right: 20px; \" href=\"\/es\/solicitud-de-cita\/\" data-color-override=\"false\" data-hover-color-override=\"false\" data-hover-text-color-override=\"#fff\"><span>Comience su viaje<\/span><\/a>\n\t\t<\/div> \n\t<\/div>\n\t<\/div> \n<\/div><\/div>\n\t\t\t<\/div> \n\t\t<\/div>\n\t<\/div> \n<\/div><\/div>\n\t\t<div id=\"fws_69f99f9db2d01\" data-column-margin=\"default\" data-midnight=\"light\" class=\"wpb_row vc_row-fluid vc_row full-width-section standard_section  mpc-row\" style=\"padding-top: 0px; padding-bottom: 0px; \"><div class=\"row-bg-wrap\" data-bg-animation=\"none\" data-bg-overlay=\"false\"><div class=\"inner-wrap\"><div class=\"row-bg using-bg-color\" style=\"background-color: #000000; \"><\/div><\/div><div class=\"row-bg-overlay\"><\/div><\/div><div class=\"row_col_wrap_12 col span_12 light left\"><div class=\"vc_col-sm-12 wpb_column column_container vc_column_container col no-extra-padding  inherit_tablet inherit_phone mpc-column\" data-t-w-inherits=\"default\" data-bg-cover=\"\" data-padding-pos=\"all\" data-has-bg-color=\"false\" data-bg-color=\"\" data-bg-opacity=\"1\" data-hover-bg=\"\" data-hover-bg-opacity=\"1\" data-animation=\"\" data-delay=\"0\" data-column-id=\"mpc_column-6269f99f9db3095\">\n\t\t<div class=\"vc_column-inner\"><div class=\"column-bg-overlay-wrap\" data-bg-animation=\"none\"><div class=\"column-bg-overlay\"><\/div><\/div>\n\t\t\t<div class=\"wpb_wrapper\">\n\t\t\t\t<div class=\"divider-wrap\" data-alignment=\"default\"><div style=\"margin-top: 1px; height: 1px; margin-bottom: 1px;\" data-width=\"100%\" data-animate=\"\" data-animation-delay=\"\" data-color=\"default\" class=\"divider-border\"><\/div><\/div>\n\t\t\t<\/div> \n\t\t<\/div>\n\t<\/div> \n<\/div><\/div>","protected":false},"excerpt":{"rendered":"MEDICAL-GRADE InBody Composition Scans in Denver, CO Get in Touch to Learn More WHAT IS Body Composition? Body composition is a detailed breakdown of what your body is made of,","protected":false},"author":2,"featured_media":0,"parent":6018,"menu_order":0,"comment_status":"closed","ping_status":"closed","template":"","meta":{"inline_featured_image":false,"footnotes":""},"class_list":["post-6249","page","type-page","status-publish"],"_links":{"self":[{"href":"https:\/\/fitmdusa.com\/es\/wp-json\/wp\/v2\/pages\/6249","targetHints":{"allow":["GET"]}}],"collection":[{"href":"https:\/\/fitmdusa.com\/es\/wp-json\/wp\/v2\/pages"}],"about":[{"href":"https:\/\/fitmdusa.com\/es\/wp-json\/wp\/v2\/types\/page"}],"author":[{"embeddable":true,"href":"https:\/\/fitmdusa.com\/es\/wp-json\/wp\/v2\/users\/2"}],"replies":[{"embeddable":true,"href":"https:\/\/fitmdusa.com\/es\/wp-json\/wp\/v2\/comments?post=6249"}],"version-history":[{"count":0,"href":"https:\/\/fitmdusa.com\/es\/wp-json\/wp\/v2\/pages\/6249\/revisions"}],"up":[{"embeddable":true,"href":"https:\/\/fitmdusa.com\/es\/wp-json\/wp\/v2\/pages\/6018"}],"wp:attachment":[{"href":"https:\/\/fitmdusa.com\/es\/wp-json\/wp\/v2\/media?parent=6249"}],"curies":[{"name":"wp","href":"https:\/\/api.w.org\/{rel}","templated":true}]}}